{"id":912,"date":"2019-05-13T14:53:08","date_gmt":"2019-05-13T12:53:08","guid":{"rendered":"https:\/\/www.justsigns.de\/aufkleber\/"},"modified":"2020-09-25T09:57:56","modified_gmt":"2020-09-25T07:57:56","slug":"aufkleber","status":"publish","type":"page","link":"https:\/\/www.justsigns.de\/en\/aufkleber\/","title":{"rendered":"Aufkleber"},"content":{"rendered":"<div class=\"wpb-content-wrapper\"><p>[vc_row][vc_column]\n\t\t\t<!-- START aufkleber REVOLUTION SLIDER 6.7.24 --><p class=\"rs-p-wp-fix\"><\/p>\n\t\t\t<rs-module-wrap id=\"rev_slider_7_1_wrapper\" data-source=\"gallery\" style=\"visibility:hidden;background:transparent;padding:0;margin:0px auto;margin-top:0;margin-bottom:0;\">\n\t\t\t\t<rs-module id=\"rev_slider_7_1\" style=\"\" data-version=\"6.7.24\">\n\t\t\t\t\t<rs-slides style=\"overflow: hidden; position: absolute;\">\n\t\t\t\t\t\t<rs-slide style=\"position: absolute;\" data-key=\"rs-7\" data-title=\"Slide\" data-anim=\"adpr:false;\">\n\t\t\t\t\t\t\t<img decoding=\"async\" src=\"\/\/www.justsigns.de\/wp-content\/plugins\/revslider\/sr6\/assets\/assets\/dummy.png\" alt=\"\" title=\"Aufkleber\" class=\"rev-slidebg tp-rs-img rs-lazyload\" data-lazyload=\"\/\/www.justsigns.de\/wp-content\/uploads\/2019\/05\/Aufkleber-slider.jpg\" data-bg=\"p:100% 60%;\" data-no-retina>\n<!---->\t\t\t\t\t<\/rs-slide>\n\t\t\t\t\t<\/rs-slides>\n\t\t\t\t<\/rs-module>\n\t\t\t\t<script>\n\t\t\t\t\tsetREVStartSize({c: 'rev_slider_7_1',rl:[1240,1240,1240,480],el:[],gw:[1240,1240,1240,480],gh:[468,468,468,420],type:'hero',justify:'',layout:'fullwidth',mh:\"0\"});if (window.RS_MODULES!==undefined && window.RS_MODULES.modules!==undefined && window.RS_MODULES.modules[\"revslider71\"]!==undefined) {window.RS_MODULES.modules[\"revslider71\"].once = false;window.revapi7 = undefined;if (window.RS_MODULES.checkMinimal!==undefined) window.RS_MODULES.checkMinimal()}\n\t\t\t\t<\/script>\n\t\t\t<\/rs-module-wrap>\n\t\t\t<!-- END REVOLUTION SLIDER -->\n[\/vc_column][\/vc_row][vc_row css=&#8221;.vc_custom_1588859456217{padding-top: 55px !important;}&#8221;][vc_column css=&#8221;.vc_custom_1588859488232{padding-bottom: 55px !important;}&#8221;]<div id=\"ultimate-heading-421669e1bbad28f9b\" class=\"uvc-heading ult-adjust-bottom-margin ultimate-heading-421669e1bbad28f9b uvc-5718  uvc-heading-default-font-sizes\" data-hspacer=\"no_spacer\"  data-halign=\"left\" style=\"text-align:left\"><div class=\"uvc-heading-spacer no_spacer\" style=\"top\"><\/div><div class=\"uvc-main-heading ult-responsive\"  data-ultimate-target='.uvc-heading.ultimate-heading-421669e1bbad28f9b h1'  data-responsive-json-new='{\"font-size\":\"\",\"line-height\":\"\"}' ><h1 style=\"--font-weight:theme;\">Stickers &amp; Adhesive Films<\/h1><\/div><div class=\"uvc-sub-heading ult-responsive\"  data-ultimate-target='.uvc-heading.ultimate-heading-421669e1bbad28f9b .uvc-sub-heading '  data-responsive-json-new='{\"font-size\":\"\",\"line-height\":\"\"}'  style=\"font-weight:normal;\">Stickers and adhesive films have a particularly high priority in our company. We produce perfect quality adhesive films for outdoor use, shop window lettering and label stickers for you. Are you interested in the stickers on your car or van? No problem. We will wrap your vehicle with the highest precision within a very short time. Find out more about our range of stickers and adhesive films.<\/div><\/div>[\/vc_column][vc_column width=&#8221;1\/3&#8243; css=&#8221;.vc_custom_1588859499111{padding-bottom: 20px !important;}&#8221;]<div id=\"ultimate-heading-7269e1bbad29023\" class=\"uvc-heading ult-adjust-bottom-margin ultimate-heading-7269e1bbad29023 uvc-5132  uvc-heading-default-font-sizes\" data-hspacer=\"no_spacer\"  data-halign=\"left\" style=\"text-align:left\"><div class=\"uvc-heading-spacer no_spacer\" style=\"top\"><\/div><div class=\"uvc-main-heading ult-responsive\"  data-ultimate-target='.uvc-heading.ultimate-heading-7269e1bbad29023 h2'  data-responsive-json-new='{\"font-size\":\"\",\"line-height\":\"\"}' ><h2 style=\"--font-weight:theme;\">Promotional stickers<\/h2><\/div><\/div><div class=\"ult-new-ib ult-ib-effect-style14  ult-ib-resp ult-ib2-min-height \" data-min-width=\"768\" data-max-width=\"900\" style=\" opacity:0; \" data-opacity=\"1\" data-hover-opacity=\"1\"  data-min-height=\"213\" ><img decoding=\"async\" class=\"ult-new-ib-img\" style=\"opacity:1;\" alt=\"null\" src=\"https:\/\/www.justsigns.de\/wp-content\/uploads\/2019\/05\/IMG_0256.jpg\"  data-min-height=\"213\"   \/><div id=\"interactive-banner-wrap-7724\" class=\"ult-new-ib-desc\" style=\"\"><h2 class=\"ult-new-ib-title ult-responsive\"  data-ultimate-target='#interactive-banner-wrap-7724 .ult-new-ib-title'  data-responsive-json-new='{\"font-size\":\"\",\"line-height\":\"\"}'  style=\"font-weight:normal;\"><\/h2><\/div><\/div><div id=\"ultimate-heading-432869e1bbad299f4\" class=\"uvc-heading ult-adjust-bottom-margin ultimate-heading-432869e1bbad299f4 uvc-6826  uvc-heading-default-font-sizes\" data-hspacer=\"no_spacer\"  data-halign=\"left\" style=\"text-align:left\"><div class=\"uvc-heading-spacer no_spacer\" style=\"top\"><\/div><div class=\"uvc-sub-heading ult-responsive\"  data-ultimate-target='.uvc-heading.ultimate-heading-432869e1bbad299f4 .uvc-sub-heading '  data-responsive-json-new='{\"font-size\":\"\",\"line-height\":\"\"}'  style=\"font-weight:normal;\">Almost any surface can be pasted. Our advertising films are easy to apply and can be removed without leaving any residue. Optionally with a gray back to cover old advertising and permanent or removable adhesive.<\/div><\/div>[\/vc_column][vc_column width=&#8221;1\/3&#8243; css=&#8221;.vc_custom_1588859506525{padding-bottom: 20px !important;}&#8221;]<div id=\"ultimate-heading-263369e1bbad29a80\" class=\"uvc-heading ult-adjust-bottom-margin ultimate-heading-263369e1bbad29a80 uvc-6850  uvc-heading-default-font-sizes\" data-hspacer=\"no_spacer\"  data-halign=\"left\" style=\"text-align:left\"><div class=\"uvc-heading-spacer no_spacer\" style=\"top\"><\/div><div class=\"uvc-main-heading ult-responsive\"  data-ultimate-target='.uvc-heading.ultimate-heading-263369e1bbad29a80 h2'  data-responsive-json-new='{\"font-size\":\"\",\"line-height\":\"\"}' ><h2 style=\"--font-weight:theme;\">Shop window sticker<\/h2><\/div><\/div><div class=\"ult-new-ib ult-ib-effect-style14  ult-ib-resp ult-ib2-min-height \" data-min-width=\"768\" data-max-width=\"900\" style=\" opacity:0; \" data-opacity=\"1\" data-hover-opacity=\"1\"  data-min-height=\"213\" ><img decoding=\"async\" class=\"ult-new-ib-img\" style=\"opacity:1;\" alt=\"null\" src=\"https:\/\/www.justsigns.de\/wp-content\/uploads\/2019\/05\/Klebefolien.jpg\"  data-min-height=\"213\"   \/><div id=\"interactive-banner-wrap-7743\" class=\"ult-new-ib-desc\" style=\"\"><h2 class=\"ult-new-ib-title ult-responsive\"  data-ultimate-target='#interactive-banner-wrap-7743 .ult-new-ib-title'  data-responsive-json-new='{\"font-size\":\"\",\"line-height\":\"\"}'  style=\"font-weight:normal;\"><\/h2><\/div><\/div><div id=\"ultimate-heading-689169e1bbad2a1c4\" class=\"uvc-heading ult-adjust-bottom-margin ultimate-heading-689169e1bbad2a1c4 uvc-5926  uvc-heading-default-font-sizes\" data-hspacer=\"no_spacer\"  data-halign=\"left\" style=\"text-align:left\"><div class=\"uvc-heading-spacer no_spacer\" style=\"top\"><\/div><div class=\"uvc-sub-heading ult-responsive\"  data-ultimate-target='.uvc-heading.ultimate-heading-689169e1bbad2a1c4 .uvc-sub-heading '  data-responsive-json-new='{\"font-size\":\"\",\"line-height\":\"\"}'  style=\"font-weight:normal;\">Advertise offers in your shop window and draw attention to yourself. Foils as individually cut elements or as a band. Nothing stands in the way of full-surface bonding either. Our foils are delivered ready to use.<\/div><\/div>[\/vc_column][vc_column width=&#8221;1\/3&#8243; css=&#8221;.vc_custom_1588859513890{padding-bottom: 20px !important;}&#8221;]<div id=\"ultimate-heading-996669e1bbad2a23f\" class=\"uvc-heading ult-adjust-bottom-margin ultimate-heading-996669e1bbad2a23f uvc-320  uvc-heading-default-font-sizes\" data-hspacer=\"no_spacer\"  data-halign=\"left\" style=\"text-align:left\"><div class=\"uvc-heading-spacer no_spacer\" style=\"top\"><\/div><div class=\"uvc-main-heading ult-responsive\"  data-ultimate-target='.uvc-heading.ultimate-heading-996669e1bbad2a23f h2'  data-responsive-json-new='{\"font-size\":\"\",\"line-height\":\"\"}' ><h2 style=\"--font-weight:theme;\">Contour sticker<\/h2><\/div><\/div>\n\t\t\t<!-- START Slider 1 REVOLUTION SLIDER 6.7.24 --><p class=\"rs-p-wp-fix\"><\/p>\n\t\t\t<rs-module-wrap id=\"rev_slider_13_2_wrapper\" data-source=\"gallery\" style=\"visibility:hidden;background:transparent;padding:0;margin:0px auto;margin-top:0;margin-bottom:0;\">\n\t\t\t\t<rs-module id=\"rev_slider_13_2\" style=\"\" data-version=\"6.7.24\">\n\t\t\t\t\t<rs-slides style=\"overflow: hidden; position: absolute;\">\n\t\t\t\t\t\t<rs-slide style=\"position: absolute;\" data-key=\"rs-13\" data-title=\"Slide\" data-anim=\"ms:1000;r:0;\" data-in=\"o:0;\" data-out=\"a:false;\">\n\t\t\t\t\t\t\t<img decoding=\"async\" src=\"\/\/www.justsigns.de\/wp-content\/plugins\/revslider\/sr6\/assets\/assets\/dummy.png\" alt=\"Slide\" title=\"Aufkleber\" class=\"rev-slidebg tp-rs-img rs-lazyload\" data-lazyload=\"\/\/www.justsigns.de\/wp-content\/plugins\/revslider\/sr6\/assets\/assets\/transparent.png\" data-no-retina>\n<!--\n\t\t\t\t\t\t\t--><rs-layer\n\t\t\t\t\t\t\t\tid=\"slider-13-slide-13-layer-0\" \n\t\t\t\t\t\t\t\tclass=\"rs-layer-video intrinsic-ignore\"\n\t\t\t\t\t\t\t\tdata-type=\"video\"\n\t\t\t\t\t\t\t\tdata-rsp_ch=\"on\"\n\t\t\t\t\t\t\t\tdata-xy=\"x:c;y:c;\"\n\t\t\t\t\t\t\t\tdata-text=\"w:normal;\"\n\t\t\t\t\t\t\t\tdata-dim=\"w:379px;h:213px;\"\n\t\t\t\t\t\t\t\tdata-video=\"twa:false;ap:false;v:100;vd:100;l:false;ptimer:false;vc:false;\"\n\t\t\t\t\t\t\t\tdata-vimeoid=\"432659517\"\n\t\t\t\t\t\t\t\tdata-vatr=\"background=1&amp;autoplay=0\"\n\t\t\t\t\t\t\t\tdata-frame_999=\"o:0;st:w;\"\n\t\t\t\t\t\t\t\tstyle=\"z-index:5;\"\n\t\t\t\t\t\t\t>\n\t\t\t\t\t\t\t<\/rs-layer><!--\n-->\t\t\t\t\t<\/rs-slide>\n\t\t\t\t\t<\/rs-slides>\n\t\t\t\t<\/rs-module>\n\t\t\t\t<script>\n\t\t\t\t\tsetREVStartSize({c: 'rev_slider_13_2',rl:[1240,1024,778,480],el:[213],gw:[380],gh:[213],type:'standard',justify:'',layout:'fullwidth',mh:\"0\"});if (window.RS_MODULES!==undefined && window.RS_MODULES.modules!==undefined && window.RS_MODULES.modules[\"revslider132\"]!==undefined) {window.RS_MODULES.modules[\"revslider132\"].once = false;window.revapi13 = undefined;if (window.RS_MODULES.checkMinimal!==undefined) window.RS_MODULES.checkMinimal()}\n\t\t\t\t<\/script>\n\t\t\t<\/rs-module-wrap>\n\t\t\t<!-- END REVOLUTION SLIDER -->\n<div id=\"ultimate-heading-637569e1bbad2b77b\" class=\"uvc-heading ult-adjust-bottom-margin ultimate-heading-637569e1bbad2b77b uvc-7563  uvc-heading-default-font-sizes\" data-hspacer=\"no_spacer\"  data-halign=\"left\" style=\"text-align:left\"><div class=\"uvc-heading-spacer no_spacer\" style=\"top\"><\/div><div class=\"uvc-sub-heading ult-responsive\"  data-ultimate-target='.uvc-heading.ultimate-heading-637569e1bbad2b77b .uvc-sub-heading '  data-responsive-json-new='{\"font-size\":\"\",\"line-height\":\"\"}'  style=\"font-weight:normal;margin-top:10px;\">Every imaginable shape is possible. Simply create your clipping path and we will know what is important to you. If necessary, we can provide your prints with transfer paper and add the appropriate tools if required.<\/div><\/div>[\/vc_column][\/vc_row][vc_row css=&#8221;.vc_custom_1557739469145{padding-bottom: 35px !important;}&#8221;][vc_column width=&#8221;1\/3&#8243; css=&#8221;.vc_custom_1588859522669{padding-bottom: 20px !important;}&#8221;]<div id=\"ultimate-heading-8069e1bbad2b7e6\" class=\"uvc-heading ult-adjust-bottom-margin ultimate-heading-8069e1bbad2b7e6 uvc-4163  uvc-heading-default-font-sizes\" data-hspacer=\"no_spacer\"  data-halign=\"left\" style=\"text-align:left\"><div class=\"uvc-heading-spacer no_spacer\" style=\"top\"><\/div><div class=\"uvc-main-heading ult-responsive\"  data-ultimate-target='.uvc-heading.ultimate-heading-8069e1bbad2b7e6 h2'  data-responsive-json-new='{\"font-size\":\"\",\"line-height\":\"\"}' ><h2 style=\"--font-weight:theme;\">Vehicle films<\/h2><\/div><\/div>\n\t\t\t<!-- START fzgbeklebung REVOLUTION SLIDER 6.7.24 --><p class=\"rs-p-wp-fix\"><\/p>\n\t\t\t<rs-module-wrap id=\"rev_slider_20_3_wrapper\" data-source=\"gallery\" style=\"visibility:hidden;background:transparent;padding:0;margin:0px auto;margin-top:0;margin-bottom:0;\">\n\t\t\t\t<rs-module id=\"rev_slider_20_3\" style=\"\" data-version=\"6.7.24\">\n\t\t\t\t\t<rs-slides style=\"overflow: hidden; position: absolute;\">\n\t\t\t\t\t\t<rs-slide style=\"position: absolute;\" data-key=\"rs-20\" data-title=\"Slide\" data-anim=\"ms:1000;r:0;\" data-in=\"o:0;\" data-out=\"a:false;\">\n\t\t\t\t\t\t\t<img decoding=\"async\" src=\"\/\/www.justsigns.de\/wp-content\/plugins\/revslider\/sr6\/assets\/assets\/dummy.png\" alt=\"Slide\" title=\"Aufkleber\" class=\"rev-slidebg tp-rs-img rs-lazyload\" data-lazyload=\"\/\/www.justsigns.de\/wp-content\/plugins\/revslider\/sr6\/assets\/assets\/transparent.png\" data-no-retina>\n<!--\n\t\t\t\t\t\t\t--><rs-layer\n\t\t\t\t\t\t\t\tid=\"slider-20-slide-20-layer-0\" \n\t\t\t\t\t\t\t\tclass=\"rs-layer-video intrinsic-ignore\"\n\t\t\t\t\t\t\t\tdata-type=\"video\"\n\t\t\t\t\t\t\t\tdata-rsp_ch=\"on\"\n\t\t\t\t\t\t\t\tdata-xy=\"x:c;y:c;\"\n\t\t\t\t\t\t\t\tdata-text=\"w:normal;\"\n\t\t\t\t\t\t\t\tdata-dim=\"w:379px;h:213px;\"\n\t\t\t\t\t\t\t\tdata-video=\"twa:false;ap:false;v:100;vd:100;l:false;ptimer:false;vc:false;\"\n\t\t\t\t\t\t\t\tdata-vimeoid=\"457764150\"\n\t\t\t\t\t\t\t\tdata-vatr=\"background=1&amp;autoplay=0\"\n\t\t\t\t\t\t\t\tdata-frame_999=\"o:0;st:w;\"\n\t\t\t\t\t\t\t\tstyle=\"z-index:5;\"\n\t\t\t\t\t\t\t>\n\t\t\t\t\t\t\t<\/rs-layer><!--\n-->\t\t\t\t\t<\/rs-slide>\n\t\t\t\t\t<\/rs-slides>\n\t\t\t\t<\/rs-module>\n\t\t\t\t<script>\n\t\t\t\t\tsetREVStartSize({c: 'rev_slider_20_3',rl:[1240,1024,778,480],el:[213],gw:[380],gh:[213],type:'standard',justify:'',layout:'fullwidth',mh:\"0\"});if (window.RS_MODULES!==undefined && window.RS_MODULES.modules!==undefined && window.RS_MODULES.modules[\"revslider203\"]!==undefined) {window.RS_MODULES.modules[\"revslider203\"].once = false;window.revapi20 = undefined;if (window.RS_MODULES.checkMinimal!==undefined) window.RS_MODULES.checkMinimal()}\n\t\t\t\t<\/script>\n\t\t\t<\/rs-module-wrap>\n\t\t\t<!-- END REVOLUTION SLIDER -->\n<div id=\"ultimate-heading-692669e1bbad2ca59\" class=\"uvc-heading ult-adjust-bottom-margin ultimate-heading-692669e1bbad2ca59 uvc-8238  uvc-heading-default-font-sizes\" data-hspacer=\"no_spacer\"  data-halign=\"left\" style=\"text-align:left\"><div class=\"uvc-heading-spacer no_spacer\" style=\"top\"><\/div><div class=\"uvc-sub-heading ult-responsive\"  data-ultimate-target='.uvc-heading.ultimate-heading-692669e1bbad2ca59 .uvc-sub-heading '  data-responsive-json-new='{\"font-size\":\"\",\"line-height\":\"\"}'  style=\"font-weight:normal;\">The premier class among adhesives. But it cannot be implemented without a high-quality film. We produce on high-quality 3D foils with air duct technology and laminate.<\/div><\/div>[\/vc_column][vc_column width=&#8221;1\/3&#8243; css=&#8221;.vc_custom_1588859532330{padding-bottom: 20px !important;}&#8221;]<div id=\"ultimate-heading-972569e1bbad2cac4\" class=\"uvc-heading ult-adjust-bottom-margin ultimate-heading-972569e1bbad2cac4 uvc-1451  uvc-heading-default-font-sizes\" data-hspacer=\"no_spacer\"  data-halign=\"left\" style=\"text-align:left\"><div class=\"uvc-heading-spacer no_spacer\" style=\"top\"><\/div><div class=\"uvc-main-heading ult-responsive\"  data-ultimate-target='.uvc-heading.ultimate-heading-972569e1bbad2cac4 h2'  data-responsive-json-new='{\"font-size\":\"\",\"line-height\":\"\"}' ><h2 style=\"--font-weight:theme;\">Note slides<\/h2><\/div><\/div><div class=\"ult-new-ib ult-ib-effect-style14  ult-ib-resp ult-ib2-min-height \" data-min-width=\"768\" data-max-width=\"900\" style=\" opacity:0; \" data-opacity=\"1\" data-hover-opacity=\"1\"  data-min-height=\"190\" ><img decoding=\"async\" class=\"ult-new-ib-img\" style=\"opacity:1;\" alt=\"null\" src=\"https:\/\/www.justsigns.de\/wp-content\/uploads\/2019\/05\/hinweisfolien.jpg\"  data-min-height=\"190\"   \/><div id=\"interactive-banner-wrap-6421\" class=\"ult-new-ib-desc\" style=\"\"><h2 class=\"ult-new-ib-title ult-responsive\"  data-ultimate-target='#interactive-banner-wrap-6421 .ult-new-ib-title'  data-responsive-json-new='{\"font-size\":\"\",\"line-height\":\"\"}'  style=\"font-weight:normal;\"><\/h2><\/div><\/div><div id=\"ultimate-heading-709869e1bbad2d0cf\" class=\"uvc-heading ult-adjust-bottom-margin ultimate-heading-709869e1bbad2d0cf uvc-268  uvc-heading-default-font-sizes\" data-hspacer=\"no_spacer\"  data-halign=\"left\" style=\"text-align:left\"><div class=\"uvc-heading-spacer no_spacer\" style=\"top\"><\/div><div class=\"uvc-sub-heading ult-responsive\"  data-ultimate-target='.uvc-heading.ultimate-heading-709869e1bbad2d0cf .uvc-sub-heading '  data-responsive-json-new='{\"font-size\":\"\",\"line-height\":\"\"}'  style=\"font-weight:normal;\">There is always something to point out. Notes can be supplied as a full-surface sticker or a contour-cut arrow. According to your wishes and shapes.<\/div><\/div>[\/vc_column][vc_column width=&#8221;1\/3&#8243; css=&#8221;.vc_custom_1588859539982{padding-bottom: 20px !important;}&#8221;]<div id=\"ultimate-heading-403769e1bbad2d127\" class=\"uvc-heading ult-adjust-bottom-margin ultimate-heading-403769e1bbad2d127 uvc-8332  uvc-heading-default-font-sizes\" data-hspacer=\"no_spacer\"  data-halign=\"left\" style=\"text-align:left\"><div class=\"uvc-heading-spacer no_spacer\" style=\"top\"><\/div><div class=\"uvc-main-heading ult-responsive\"  data-ultimate-target='.uvc-heading.ultimate-heading-403769e1bbad2d127 h2'  data-responsive-json-new='{\"font-size\":\"\",\"line-height\":\"\"}' ><h2 style=\"--font-weight:theme;\">Labels stickers<\/h2><\/div><\/div><div class=\"ult-new-ib ult-ib-effect-style14  ult-ib-resp ult-ib2-min-height \" data-min-width=\"768\" data-max-width=\"900\" style=\" opacity:0; \" data-opacity=\"1\" data-hover-opacity=\"1\"  data-min-height=\"190\" ><img decoding=\"async\" class=\"ult-new-ib-img\" style=\"opacity:1;\" alt=\"null\" src=\"https:\/\/www.justsigns.de\/wp-content\/uploads\/2019\/05\/konturaufkleber.jpg\"  data-min-height=\"190\"   \/><div id=\"interactive-banner-wrap-1190\" class=\"ult-new-ib-desc\" style=\"\"><h2 class=\"ult-new-ib-title ult-responsive\"  data-ultimate-target='#interactive-banner-wrap-1190 .ult-new-ib-title'  data-responsive-json-new='{\"font-size\":\"\",\"line-height\":\"\"}'  style=\"font-weight:normal;\"><\/h2><\/div><\/div><div id=\"ultimate-heading-209769e1bbad2d614\" class=\"uvc-heading ult-adjust-bottom-margin ultimate-heading-209769e1bbad2d614 uvc-2528  uvc-heading-default-font-sizes\" data-hspacer=\"no_spacer\"  data-halign=\"left\" style=\"text-align:left\"><div class=\"uvc-heading-spacer no_spacer\" style=\"top\"><\/div><div class=\"uvc-sub-heading ult-responsive\"  data-ultimate-target='.uvc-heading.ultimate-heading-209769e1bbad2d614 .uvc-sub-heading '  data-responsive-json-new='{\"font-size\":\"\",\"line-height\":\"\"}'  style=\"font-weight:normal;\">They are needed again and again. But labels are not only important in correspondence. Small address labels or attention signs are also helpful and of great use.<\/div><\/div>[\/vc_column][\/vc_row]<\/p>\n<\/div>","protected":false},"excerpt":{"rendered":"<p>[vc_row][vc_column][\/vc_column][\/vc_row][vc_row css=&#8221;.vc_custom_1588859456217{padding-top: 55px !important;}&#8221;][vc_column css=&#8221;.vc_custom_1588859488232{padding-bottom: 55px !important;}&#8221;][\/vc_column][vc_column width=&#8221;1\/3&#8243; css=&#8221;.vc_custom_1588859499111{padding-bottom: 20px !important;}&#8221;][\/vc_column][vc_column width=&#8221;1\/3&#8243; css=&#8221;.vc_custom_1588859506525{padding-bottom: 20px !important;}&#8221;][\/vc_column][vc_column width=&#8221;1\/3&#8243; css=&#8221;.vc_custom_1588859513890{padding-bottom: 20px !important;}&#8221;][\/vc_column][\/vc_row][vc_row css=&#8221;.vc_custom_1557739469145{padding-bottom: 35px !important;}&#8221;][vc_column width=&#8221;1\/3&#8243; css=&#8221;.vc_custom_1588859522669{padding-bottom: 20px !important;}&#8221;][\/vc_column][vc_column width=&#8221;1\/3&#8243; css=&#8221;.vc_custom_1588859532330{padding-bottom: 20px !important;}&#8221;][\/vc_column][vc_column width=&#8221;1\/3&#8243; css=&#8221;.vc_custom_1588859539982{padding-bottom: 20px !important;}&#8221;][\/vc_column][\/vc_row]<\/p>\n","protected":false},"author":1,"featured_media":0,"parent":0,"menu_order":0,"comment_status":"closed","ping_status":"closed","template":"","meta":{"footnotes":""},"class_list":["post-912","page","type-page","status-publish","hentry","description-off"],"yoast_head":"<!-- This site is optimized with the Yoast SEO plugin v24.3 - https:\/\/yoast.com\/wordpress\/plugins\/seo\/ -->\n<title>Aufkleber und Klebefolien individuell bei JustSigns<\/title>\n<meta name=\"description\" content=\"Aufkleber und Klebefolien mit h\u00f6chster Qualit\u00e4t von JustSigns produzieren lassen. Au\u00dfenaufkleber, Schaufensterbeschriftungen und PKW Folierung.\" \/>\n<meta name=\"robots\" content=\"index, follow, max-snippet:-1, max-image-preview:large, max-video-preview:-1\" \/>\n<link rel=\"canonical\" href=\"https:\/\/www.justsigns.de\/en\/aufkleber\/\" \/>\n<meta property=\"og:locale\" content=\"en_US\" \/>\n<meta property=\"og:type\" content=\"article\" \/>\n<meta property=\"og:title\" content=\"Aufkleber und Klebefolien individuell bei JustSigns\" \/>\n<meta property=\"og:description\" content=\"Aufkleber und Klebefolien mit h\u00f6chster Qualit\u00e4t von JustSigns produzieren lassen. Au\u00dfenaufkleber, Schaufensterbeschriftungen und PKW Folierung.\" \/>\n<meta property=\"og:url\" content=\"https:\/\/www.justsigns.de\/en\/aufkleber\/\" \/>\n<meta property=\"og:site_name\" content=\"Justsigns Werbetetchnik\" \/>\n<meta property=\"article:modified_time\" content=\"2020-09-25T07:57:56+00:00\" \/>\n<meta name=\"twitter:card\" content=\"summary_large_image\" \/>\n<meta name=\"twitter:label1\" content=\"Est. reading time\" \/>\n\t<meta name=\"twitter:data1\" content=\"3 minutes\" \/>\n<script type=\"application\/ld+json\" class=\"yoast-schema-graph\">{\"@context\":\"https:\/\/schema.org\",\"@graph\":[{\"@type\":\"WebPage\",\"@id\":\"https:\/\/www.justsigns.de\/en\/aufkleber\/\",\"url\":\"https:\/\/www.justsigns.de\/en\/aufkleber\/\",\"name\":\"Aufkleber und Klebefolien individuell bei JustSigns\",\"isPartOf\":{\"@id\":\"https:\/\/www.justsigns.de\/en\/#website\"},\"datePublished\":\"2019-05-13T12:53:08+00:00\",\"dateModified\":\"2020-09-25T07:57:56+00:00\",\"description\":\"Aufkleber und Klebefolien mit h\u00f6chster Qualit\u00e4t von JustSigns produzieren lassen. Au\u00dfenaufkleber, Schaufensterbeschriftungen und PKW Folierung.\",\"breadcrumb\":{\"@id\":\"https:\/\/www.justsigns.de\/en\/aufkleber\/#breadcrumb\"},\"inLanguage\":\"en-US\",\"potentialAction\":[{\"@type\":\"ReadAction\",\"target\":[\"https:\/\/www.justsigns.de\/en\/aufkleber\/\"]}]},{\"@type\":\"BreadcrumbList\",\"@id\":\"https:\/\/www.justsigns.de\/en\/aufkleber\/#breadcrumb\",\"itemListElement\":[{\"@type\":\"ListItem\",\"position\":1,\"name\":\"Startseite\",\"item\":\"https:\/\/www.justsigns.de\/en\/\"},{\"@type\":\"ListItem\",\"position\":2,\"name\":\"Aufkleber\"}]},{\"@type\":\"WebSite\",\"@id\":\"https:\/\/www.justsigns.de\/en\/#website\",\"url\":\"https:\/\/www.justsigns.de\/en\/\",\"name\":\"Justsigns Werbetetchnik\",\"description\":\"\",\"potentialAction\":[{\"@type\":\"SearchAction\",\"target\":{\"@type\":\"EntryPoint\",\"urlTemplate\":\"https:\/\/www.justsigns.de\/en\/?s={search_term_string}\"},\"query-input\":{\"@type\":\"PropertyValueSpecification\",\"valueRequired\":true,\"valueName\":\"search_term_string\"}}],\"inLanguage\":\"en-US\"}]}<\/script>\n<!-- \/ Yoast SEO plugin. -->","yoast_head_json":{"title":"Aufkleber und Klebefolien individuell bei JustSigns","description":"Aufkleber und Klebefolien mit h\u00f6chster Qualit\u00e4t von JustSigns produzieren lassen. Au\u00dfenaufkleber, Schaufensterbeschriftungen und PKW Folierung.","robots":{"index":"index","follow":"follow","max-snippet":"max-snippet:-1","max-image-preview":"max-image-preview:large","max-video-preview":"max-video-preview:-1"},"canonical":"https:\/\/www.justsigns.de\/en\/aufkleber\/","og_locale":"en_US","og_type":"article","og_title":"Aufkleber und Klebefolien individuell bei JustSigns","og_description":"Aufkleber und Klebefolien mit h\u00f6chster Qualit\u00e4t von JustSigns produzieren lassen. Au\u00dfenaufkleber, Schaufensterbeschriftungen und PKW Folierung.","og_url":"https:\/\/www.justsigns.de\/en\/aufkleber\/","og_site_name":"Justsigns Werbetetchnik","article_modified_time":"2020-09-25T07:57:56+00:00","twitter_card":"summary_large_image","twitter_misc":{"Est. reading time":"3 minutes"},"schema":{"@context":"https:\/\/schema.org","@graph":[{"@type":"WebPage","@id":"https:\/\/www.justsigns.de\/en\/aufkleber\/","url":"https:\/\/www.justsigns.de\/en\/aufkleber\/","name":"Aufkleber und Klebefolien individuell bei JustSigns","isPartOf":{"@id":"https:\/\/www.justsigns.de\/en\/#website"},"datePublished":"2019-05-13T12:53:08+00:00","dateModified":"2020-09-25T07:57:56+00:00","description":"Aufkleber und Klebefolien mit h\u00f6chster Qualit\u00e4t von JustSigns produzieren lassen. Au\u00dfenaufkleber, Schaufensterbeschriftungen und PKW Folierung.","breadcrumb":{"@id":"https:\/\/www.justsigns.de\/en\/aufkleber\/#breadcrumb"},"inLanguage":"en-US","potentialAction":[{"@type":"ReadAction","target":["https:\/\/www.justsigns.de\/en\/aufkleber\/"]}]},{"@type":"BreadcrumbList","@id":"https:\/\/www.justsigns.de\/en\/aufkleber\/#breadcrumb","itemListElement":[{"@type":"ListItem","position":1,"name":"Startseite","item":"https:\/\/www.justsigns.de\/en\/"},{"@type":"ListItem","position":2,"name":"Aufkleber"}]},{"@type":"WebSite","@id":"https:\/\/www.justsigns.de\/en\/#website","url":"https:\/\/www.justsigns.de\/en\/","name":"Justsigns Werbetetchnik","description":"","potentialAction":[{"@type":"SearchAction","target":{"@type":"EntryPoint","urlTemplate":"https:\/\/www.justsigns.de\/en\/?s={search_term_string}"},"query-input":{"@type":"PropertyValueSpecification","valueRequired":true,"valueName":"search_term_string"}}],"inLanguage":"en-US"}]}},"_links":{"self":[{"href":"https:\/\/www.justsigns.de\/en\/wp-json\/wp\/v2\/pages\/912","targetHints":{"allow":["GET"]}}],"collection":[{"href":"https:\/\/www.justsigns.de\/en\/wp-json\/wp\/v2\/pages"}],"about":[{"href":"https:\/\/www.justsigns.de\/en\/wp-json\/wp\/v2\/types\/page"}],"author":[{"embeddable":true,"href":"https:\/\/www.justsigns.de\/en\/wp-json\/wp\/v2\/users\/1"}],"replies":[{"embeddable":true,"href":"https:\/\/www.justsigns.de\/en\/wp-json\/wp\/v2\/comments?post=912"}],"version-history":[{"count":0,"href":"https:\/\/www.justsigns.de\/en\/wp-json\/wp\/v2\/pages\/912\/revisions"}],"wp:attachment":[{"href":"https:\/\/www.justsigns.de\/en\/wp-json\/wp\/v2\/media?parent=912"}],"curies":[{"name":"wp","href":"https:\/\/api.w.org\/{rel}","templated":true}]}}